{"id":19,"date":"2025-08-21T12:00:56","date_gmt":"2025-08-21T12:00:56","guid":{"rendered":"https:\/\/sexualupplysningen.se\/index.php\/hem\/"},"modified":"2025-08-21T12:20:23","modified_gmt":"2025-08-21T12:20:23","slug":"hem","status":"publish","type":"page","link":"https:\/\/sexualupplysningen.se\/","title":{"rendered":"Hem"},"content":{"rendered":"\t\t<div data-elementor-type=\"wp-page\" data-elementor-id=\"19\" class=\"elementor elementor-19\" data-elementor-post-type=\"page\">\n\t\t\t\t<div class=\"elementor-element elementor-element-11416b7 e-con-full e-flex e-con e-parent\" data-id=\"11416b7\" data-element_type=\"container\" data-settings=\"{&quot;background_background&quot;:&quot;video&quot;,&quot;background_video_link&quot;:&quot;https:\\\/\\\/sexualupplysningen.se\\\/wp-content\\\/uploads\\\/2025\\\/08\\\/Sexleksaker-video-back.mp4&quot;,&quot;background_play_on_mobile&quot;:&quot;yes&quot;}\">\n\t\t<div class=\"elementor-background-video-container\" aria-hidden=\"true\">\n\t\t\t\t\t\t\t<video class=\"elementor-background-video-hosted\" autoplay muted playsinline loop><\/video>\n\t\t\t\t\t<\/div><div class=\"elementor-element elementor-element-eb7639c e-con-full e-flex e-con e-child\" data-id=\"eb7639c\" data-element_type=\"container\" data-settings=\"{&quot;background_background&quot;:&quot;classic&quot;}\">\n\t\t\t\t<div class=\"elementor-element elementor-element-e515829 elementor-widget elementor-widget-heading\" data-id=\"e515829\" data-element_type=\"widget\" data-widget_type=\"heading.default\">\n\t\t\t\t\t<h5 class=\"elementor-heading-title elementor-size-default\">Din guide till sexualitet<\/h5>\t\t\t\t<\/div>\n\t\t\t\t<div class=\"elementor-element elementor-element-9dfdbd0 elementor-widget elementor-widget-heading\" data-id=\"9dfdbd0\" data-element_type=\"widget\" data-widget_type=\"heading.default\">\n\t\t\t\t\t<h1 class=\"elementor-heading-title elementor-size-default\">Uppt\u00e4ck kunskap och resurser kring sexuell h\u00e4lsa f\u00f6r alla \u00e5ldrar<\/h1>\t\t\t\t<\/div>\n\t\t\t\t<div class=\"elementor-element elementor-element-f67184f elementor-widget elementor-widget-text-editor\" data-id=\"f67184f\" data-element_type=\"widget\" data-widget_type=\"text-editor.default\">\n\t\t\t\t\t\t\t\t\t<p>V\u00e4lkommen till v\u00e5r hemsida d\u00e4r vi utforskar sexuell h\u00e4lsa p\u00e5 ett l\u00e4ttf\u00f6rst\u00e5eligt s\u00e4tt. Vi erbjuder faktabaserad information f\u00f6r att \u00f6ka medvetenheten om viktiga \u00e4mnen som ber\u00f6r sexualitet. H\u00e4r kan du l\u00e4ra dig mer om relationer, s\u00e4krare sex och kroppens m\u00e5ngfald. V\u00e5rt m\u00e5l \u00e4r att skapa en trygg och \u00f6ppen plats f\u00f6r alla.<\/p>\t\t\t\t\t\t\t\t<\/div>\n\t\t\t\t<div class=\"elementor-element elementor-element-8feb320 elementor-widget__width-auto elementor-widget elementor-widget-button\" data-id=\"8feb320\" data-element_type=\"widget\" data-widget_type=\"button.default\">\n\t\t\t\t\t\t\t\t\t\t<a class=\"elementor-button elementor-button-link elementor-size-sm\" href=\"#\">\n\t\t\t\t\t\t<span class=\"elementor-button-content-wrapper\">\n\t\t\t\t\t\t<span class=\"elementor-button-icon\">\n\t\t\t\t<svg aria-hidden=\"true\" class=\"e-font-icon-svg e-fas-arrow-alt-circle-right\" viewBox=\"0 0 512 512\" xmlns=\"http:\/\/www.w3.org\/2000\/svg\"><path d=\"M256 8c137 0 248 111 248 248S393 504 256 504 8 393 8 256 119 8 256 8zM140 300h116v70.9c0 10.7 13 16.1 20.5 8.5l114.3-114.9c4.7-4.7 4.7-12.2 0-16.9l-114.3-115c-7.6-7.6-20.5-2.2-20.5 8.5V212H140c-6.6 0-12 5.4-12 12v64c0 6.6 5.4 12 12 12z\"><\/path><\/svg>\t\t\t<\/span>\n\t\t\t\t\t\t\t\t\t<span class=\"elementor-button-text\">L\u00e4s mer<\/span>\n\t\t\t\t\t<\/span>\n\t\t\t\t\t<\/a>\n\t\t\t\t\t\t\t\t<\/div>\n\t\t\t\t<\/div>\n\t\t\t\t<\/div>\n\t\t<div class=\"elementor-element elementor-element-edc91cc e-con-full e-flex e-con e-parent\" data-id=\"edc91cc\" data-element_type=\"container\">\n\t\t<div class=\"elementor-element elementor-element-5545295 e-con-full e-flex e-con e-child\" data-id=\"5545295\" data-element_type=\"container\">\n\t\t\t\t<div class=\"elementor-element elementor-element-e837f50 elementor-widget elementor-widget-heading\" data-id=\"e837f50\" data-element_type=\"widget\" data-widget_type=\"heading.default\">\n\t\t\t\t\t<h2 class=\"elementor-heading-title elementor-size-default\">Upplysning f\u00f6r alla<\/h2>\t\t\t\t<\/div>\n\t\t\t\t<div class=\"elementor-element elementor-element-c98cf63 elementor-widget elementor-widget-heading\" data-id=\"c98cf63\" data-element_type=\"widget\" data-widget_type=\"heading.default\">\n\t\t\t\t\t<h2 class=\"elementor-heading-title elementor-size-default\">Utforska v\u00e5ra senaste artiklar<\/h2>\t\t\t\t<\/div>\n\t\t\t\t<\/div>\n\t\t\t\t<div class=\"elementor-element elementor-element-1026fd3 elementor-grid-2 elementor-posts--thumbnail-left elementor-grid-tablet-2 elementor-grid-mobile-1 elementor-widget elementor-widget-posts\" data-id=\"1026fd3\" data-element_type=\"widget\" data-settings=\"{&quot;classic_columns&quot;:&quot;2&quot;,&quot;classic_columns_tablet&quot;:&quot;2&quot;,&quot;classic_columns_mobile&quot;:&quot;1&quot;,&quot;classic_row_gap&quot;:{&quot;unit&quot;:&quot;px&quot;,&quot;size&quot;:35,&quot;sizes&quot;:[]},&quot;classic_row_gap_tablet&quot;:{&quot;unit&quot;:&quot;px&quot;,&quot;size&quot;:&quot;&quot;,&quot;sizes&quot;:[]},&quot;classic_row_gap_mobile&quot;:{&quot;unit&quot;:&quot;px&quot;,&quot;size&quot;:&quot;&quot;,&quot;sizes&quot;:[]}}\" data-widget_type=\"posts.classic\">\n\t\t\t\t<div class=\"elementor-widget-container\">\n\t\t\t\t\t\t\t<div class=\"elementor-posts-container elementor-posts elementor-posts--skin-classic elementor-grid\" role=\"list\">\n\t\t\t\t<article class=\"elementor-post elementor-grid-item post-20 post type-post status-publish format-standard hentry category-uncategorized\" role=\"listitem\">\n\t\t\t\t<div class=\"elementor-post__text\">\n\t\t\t\t<h3 class=\"elementor-post__title\">\n\t\t\t<a href=\"https:\/\/sexualupplysningen.se\/index.php\/2025\/08\/21\/hello-world-3\/\" >\n\t\t\t\tHello World 3\t\t\t<\/a>\n\t\t<\/h3>\n\t\t\t\t<div class=\"elementor-post__meta-data\">\n\t\t\t\t\t<span class=\"elementor-post-date\">\n\t\t\taugusti 21, 2025\t\t<\/span>\n\t\t\t\t<span class=\"elementor-post-avatar\">\n\t\t\tInga kommentarer\t\t<\/span>\n\t\t\t\t<\/div>\n\t\t\t\t<div class=\"elementor-post__excerpt\">\n\t\t\t<p>Welcome to Elementor 3<\/p>\n\t\t<\/div>\n\t\t\n\t\t<a class=\"elementor-post__read-more\" href=\"https:\/\/sexualupplysningen.se\/index.php\/2025\/08\/21\/hello-world-3\/\" aria-label=\"L\u00e4s mer om Hello World 3\" tabindex=\"-1\" >\n\t\t\tL\u00e4s mer \u00bb\t\t<\/a>\n\n\t\t\t\t<\/div>\n\t\t\t\t<\/article>\n\t\t\t\t<article class=\"elementor-post elementor-grid-item post-18 post type-post status-publish format-standard hentry category-uncategorized\" role=\"listitem\">\n\t\t\t\t<div class=\"elementor-post__text\">\n\t\t\t\t<h3 class=\"elementor-post__title\">\n\t\t\t<a href=\"https:\/\/sexualupplysningen.se\/index.php\/2025\/08\/21\/hello-world-1\/\" >\n\t\t\t\tHello World 1\t\t\t<\/a>\n\t\t<\/h3>\n\t\t\t\t<div class=\"elementor-post__meta-data\">\n\t\t\t\t\t<span class=\"elementor-post-date\">\n\t\t\taugusti 21, 2025\t\t<\/span>\n\t\t\t\t<span class=\"elementor-post-avatar\">\n\t\t\tInga kommentarer\t\t<\/span>\n\t\t\t\t<\/div>\n\t\t\t\t<div class=\"elementor-post__excerpt\">\n\t\t\t<p>Welcome to Elementor<\/p>\n\t\t<\/div>\n\t\t\n\t\t<a class=\"elementor-post__read-more\" href=\"https:\/\/sexualupplysningen.se\/index.php\/2025\/08\/21\/hello-world-1\/\" aria-label=\"L\u00e4s mer om Hello World 1\" tabindex=\"-1\" >\n\t\t\tL\u00e4s mer \u00bb\t\t<\/a>\n\n\t\t\t\t<\/div>\n\t\t\t\t<\/article>\n\t\t\t\t<article class=\"elementor-post elementor-grid-item post-13 post type-post status-publish format-standard hentry category-uncategorized\" role=\"listitem\">\n\t\t\t\t<div class=\"elementor-post__text\">\n\t\t\t\t<h3 class=\"elementor-post__title\">\n\t\t\t<a href=\"https:\/\/sexualupplysningen.se\/index.php\/2025\/08\/21\/hello-world-2\/\" >\n\t\t\t\tHello World 2\t\t\t<\/a>\n\t\t<\/h3>\n\t\t\t\t<div class=\"elementor-post__meta-data\">\n\t\t\t\t\t<span class=\"elementor-post-date\">\n\t\t\taugusti 21, 2025\t\t<\/span>\n\t\t\t\t<span class=\"elementor-post-avatar\">\n\t\t\tInga kommentarer\t\t<\/span>\n\t\t\t\t<\/div>\n\t\t\t\t<div class=\"elementor-post__excerpt\">\n\t\t\t<p>Welcome to Elementor 2<\/p>\n\t\t<\/div>\n\t\t\n\t\t<a class=\"elementor-post__read-more\" href=\"https:\/\/sexualupplysningen.se\/index.php\/2025\/08\/21\/hello-world-2\/\" aria-label=\"L\u00e4s mer om Hello World 2\" tabindex=\"-1\" >\n\t\t\tL\u00e4s mer \u00bb\t\t<\/a>\n\n\t\t\t\t<\/div>\n\t\t\t\t<\/article>\n\t\t\t\t<article class=\"elementor-post elementor-grid-item post-1 post type-post status-publish format-standard hentry category-uncategorized\" role=\"listitem\">\n\t\t\t\t<div class=\"elementor-post__text\">\n\t\t\t\t<h3 class=\"elementor-post__title\">\n\t\t\t<a href=\"https:\/\/sexualupplysningen.se\/index.php\/2025\/08\/21\/hello-world\/\" >\n\t\t\t\tHello world!\t\t\t<\/a>\n\t\t<\/h3>\n\t\t\t\t<div class=\"elementor-post__meta-data\">\n\t\t\t\t\t<span class=\"elementor-post-date\">\n\t\t\taugusti 21, 2025\t\t<\/span>\n\t\t\t\t<span class=\"elementor-post-avatar\">\n\t\t\t1 kommentar\t\t<\/span>\n\t\t\t\t<\/div>\n\t\t\t\t<div class=\"elementor-post__excerpt\">\n\t\t\t<p>Welcome to WordPress. This is your first post. Edit or delete it, then start writing!<\/p>\n\t\t<\/div>\n\t\t\n\t\t<a class=\"elementor-post__read-more\" href=\"https:\/\/sexualupplysningen.se\/index.php\/2025\/08\/21\/hello-world\/\" aria-label=\"L\u00e4s mer om Hello world!\" tabindex=\"-1\" >\n\t\t\tL\u00e4s mer \u00bb\t\t<\/a>\n\n\t\t\t\t<\/div>\n\t\t\t\t<\/article>\n\t\t\t\t<\/div>\n\t\t\n\t\t\t\t\t\t<\/div>\n\t\t\t\t<\/div>\n\t\t\t\t<div class=\"elementor-element elementor-element-8217732 elementor-widget__width-auto elementor-align-right elementor-widget elementor-widget-button\" data-id=\"8217732\" data-element_type=\"widget\" data-widget_type=\"button.default\">\n\t\t\t\t\t\t\t\t\t\t<a class=\"elementor-button elementor-button-link elementor-size-sm\" href=\"#\">\n\t\t\t\t\t\t<span class=\"elementor-button-content-wrapper\">\n\t\t\t\t\t\t\t\t\t<span class=\"elementor-button-text\">Se alla<\/span>\n\t\t\t\t\t<\/span>\n\t\t\t\t\t<\/a>\n\t\t\t\t\t\t\t\t<\/div>\n\t\t\t\t<\/div>\n\t\t<div class=\"elementor-element elementor-element-c0debf6 e-flex e-con-boxed e-con e-parent\" data-id=\"c0debf6\" data-element_type=\"container\">\n\t\t\t\t\t<div class=\"e-con-inner\">\n\t\t<div class=\"elementor-element elementor-element-40b803b e-flex e-con-boxed e-con e-child\" data-id=\"40b803b\" data-element_type=\"container\">\n\t\t\t\t\t<div class=\"e-con-inner\">\n\t\t\t\t<div class=\"elementor-element elementor-element-e29adf6 elementor-widget-mobile__width-initial elementor-widget elementor-widget-image\" data-id=\"e29adf6\" data-element_type=\"widget\" data-widget_type=\"image.default\">\n\t\t\t\t\t\t\t\t\t\t\t\t\t\t\t<img fetchpriority=\"high\" decoding=\"async\" width=\"800\" height=\"534\" src=\"https:\/\/sexualupplysningen.se\/wp-content\/uploads\/2025\/08\/1436.jpg\" class=\"attachment-large size-large wp-image-50\" alt=\"\" srcset=\"https:\/\/sexualupplysningen.se\/wp-content\/uploads\/2025\/08\/1436.jpg 1000w, https:\/\/sexualupplysningen.se\/wp-content\/uploads\/2025\/08\/1436-300x200.jpg 300w, https:\/\/sexualupplysningen.se\/wp-content\/uploads\/2025\/08\/1436-768x512.jpg 768w\" sizes=\"(max-width: 800px) 100vw, 800px\" \/>\t\t\t\t\t\t\t\t\t\t\t\t\t\t\t<\/div>\n\t\t\t\t\t<\/div>\n\t\t\t\t<\/div>\n\t\t<div class=\"elementor-element elementor-element-d3cb95a e-con-full e-flex e-con e-child\" data-id=\"d3cb95a\" data-element_type=\"container\">\n\t\t\t\t<div class=\"elementor-element elementor-element-f7688f3 elementor-widget elementor-widget-heading\" data-id=\"f7688f3\" data-element_type=\"widget\" data-widget_type=\"heading.default\">\n\t\t\t\t\t<h1 class=\"elementor-heading-title elementor-size-default\">Om oss<\/h1>\t\t\t\t<\/div>\n\t\t\t\t<div class=\"elementor-element elementor-element-e96b4e3 elementor-widget elementor-widget-text-editor\" data-id=\"e96b4e3\" data-element_type=\"widget\" data-widget_type=\"text-editor.default\">\n\t\t\t\t\t\t\t\t\tV\u00e5r historia b\u00f6rjade med en enkel id\u00e9: att g\u00f6ra sexuell h\u00e4lsa tillg\u00e4nglig f\u00f6r alla. Vi str\u00e4var efter att ge information och st\u00f6d som fr\u00e4mjar s\u00e4ker och positiv sexualitet. Genom v\u00e5rt arbete hoppas vi \u00f6ka medvetenheten och utbilda unga, samt skapa en trygg plats f\u00f6r diskussioner om sexualitet och h\u00e4lsa.Vi \u00e4r h\u00e4ngivna att dela p\u00e5litlig och faktabaserad information, och vi v\u00e4rnar om en inkluderande och respektfull milj\u00f6 f\u00f6r alla, oavsett sexuell l\u00e4ggning eller k\u00f6nsidentitet.\t\t\t\t\t\t\t\t<\/div>\n\t\t\t\t<div class=\"elementor-element elementor-element-8fe32b9 elementor-blockquote--align-center elementor-blockquote--skin-border elementor-widget elementor-widget-blockquote\" data-id=\"8fe32b9\" data-element_type=\"widget\" data-widget_type=\"blockquote.default\">\n\t\t\t\t\t\t\t<blockquote class=\"elementor-blockquote\">\n\t\t\t<p class=\"elementor-blockquote__content\">\n\t\t\t\t\"Kunskap \u00e4r nyckeln till f\u00f6rst\u00e5else. Genom att sprida korrekt information om sexuell h\u00e4lsa vill vi ge alla m\u00f6jligheten att g\u00f6ra informerade val f\u00f6r sina egna liv.\"\t\t\t<\/p>\n\t\t\t\t\t\t\t<div class=\"e-q-footer\">\n\t\t\t\t\t\t\t\t\t\t\t<cite class=\"elementor-blockquote__author\">Amanda och Johan - Sexualupplysningen<\/cite>\n\t\t\t\t\t\t\t\t\t\t\t\t\t\t<\/div>\n\t\t\t\t\t<\/blockquote>\n\t\t\t\t\t\t<\/div>\n\t\t\t\t<div class=\"elementor-element elementor-element-28932d1 elementor-widget__width-auto elementor-widget elementor-widget-button\" data-id=\"28932d1\" data-element_type=\"widget\" data-widget_type=\"button.default\">\n\t\t\t\t\t\t\t\t\t\t<a class=\"elementor-button elementor-button-link elementor-size-sm\" href=\"#\">\n\t\t\t\t\t\t<span class=\"elementor-button-content-wrapper\">\n\t\t\t\t\t\t\t\t\t<span class=\"elementor-button-text\">L\u00e4s mer<\/span>\n\t\t\t\t\t<\/span>\n\t\t\t\t\t<\/a>\n\t\t\t\t\t\t\t\t<\/div>\n\t\t\t\t<\/div>\n\t\t\t\t\t<\/div>\n\t\t\t\t<\/div>\n\t\t<div class=\"elementor-element elementor-element-f3de1a0 e-flex e-con-boxed e-con e-parent\" data-id=\"f3de1a0\" data-element_type=\"container\" data-settings=\"{&quot;background_background&quot;:&quot;classic&quot;}\">\n\t\t\t\t\t<div class=\"e-con-inner\">\n\t\t<div class=\"elementor-element elementor-element-2eae6fa e-con-full e-flex e-con e-child\" data-id=\"2eae6fa\" data-element_type=\"container\">\n\t\t\t\t<div class=\"elementor-element elementor-element-71af86e elementor-widget elementor-widget-heading\" data-id=\"71af86e\" data-element_type=\"widget\" data-widget_type=\"heading.default\">\n\t\t\t\t\t<h2 class=\"elementor-heading-title elementor-size-default\">V\u00e5ra Kategorier<\/h2>\t\t\t\t<\/div>\n\t\t\t\t<div class=\"elementor-element elementor-element-a25c7df elementor-widget elementor-widget-text-editor\" data-id=\"a25c7df\" data-element_type=\"widget\" data-widget_type=\"text-editor.default\">\n\t\t\t\t\t\t\t\t\t<p>H\u00e4r \u00e4r en \u00f6versikt \u00f6ver v\u00e5ra kategorier som syftar till att hj\u00e4lpa dig f\u00f6rst\u00e5 och navigera i fr\u00e5gor kring sexuell h\u00e4lsa. Varje kategori \u00e4r noga utvald f\u00f6r att ge v\u00e4rdefull information p\u00e5 ett enkelt och tillg\u00e4ngligt s\u00e4tt.<\/p>\t\t\t\t\t\t\t\t<\/div>\n\t\t\t\t<\/div>\n\t\t<div class=\"elementor-element elementor-element-e76f85f e-con-full e-flex e-con e-child\" data-id=\"e76f85f\" data-element_type=\"container\">\n\t\t<div class=\"elementor-element elementor-element-8e85e33 e-con-full e-flex e-con e-child\" data-id=\"8e85e33\" data-element_type=\"container\">\n\t\t\t\t<div class=\"elementor-element elementor-element-955da1f elementor-widget elementor-widget-heading\" data-id=\"955da1f\" data-element_type=\"widget\" data-widget_type=\"heading.default\">\n\t\t\t\t\t<h2 class=\"elementor-heading-title elementor-size-default\">Sexuell H\u00e4lsa<\/h2>\t\t\t\t<\/div>\n\t\t\t\t<div class=\"elementor-element elementor-element-a81fbf6 elementor-widget elementor-widget-text-editor\" data-id=\"a81fbf6\" data-element_type=\"widget\" data-widget_type=\"text-editor.default\">\n\t\t\t\t\t\t\t\t\t<p>F\u00e5 insikter om viktiga aspekter av sexuell h\u00e4lsa. Vi erbjuder fakta och r\u00e5d som kan hj\u00e4lpa dig att ta kontroll \u00f6ver din egen h\u00e4lsa och v\u00e4lm\u00e5ende. V\u00e5ra resurser \u00e4r HBTQI-v\u00e4nliga och inkluderande.<\/p>\t\t\t\t\t\t\t\t<\/div>\n\t\t\t\t<\/div>\n\t\t<div class=\"elementor-element elementor-element-beadf10 e-con-full e-flex e-con e-child\" data-id=\"beadf10\" data-element_type=\"container\">\n\t\t\t\t<div class=\"elementor-element elementor-element-ee7dfff elementor-widget elementor-widget-heading\" data-id=\"ee7dfff\" data-element_type=\"widget\" data-widget_type=\"heading.default\">\n\t\t\t\t\t<h2 class=\"elementor-heading-title elementor-size-default\">Relationer och Kommunikation<\/h2>\t\t\t\t<\/div>\n\t\t\t\t<div class=\"elementor-element elementor-element-4fb1d19 elementor-widget elementor-widget-text-editor\" data-id=\"4fb1d19\" data-element_type=\"widget\" data-widget_type=\"text-editor.default\">\n\t\t\t\t\t\t\t\t\t<p>L\u00e4r dig om vikten av \u00f6ppen kommunikation i relationer. Vi erbjuder verktyg och tips f\u00f6r att skapa och uppr\u00e4tth\u00e5lla sunda relationer, oavsett vilken typ av relation det handlar om.<\/p>\t\t\t\t\t\t\t\t<\/div>\n\t\t\t\t<\/div>\n\t\t<div class=\"elementor-element elementor-element-ed86337 e-con-full e-flex e-con e-child\" data-id=\"ed86337\" data-element_type=\"container\">\n\t\t\t\t<div class=\"elementor-element elementor-element-6897f27 elementor-widget elementor-widget-heading\" data-id=\"6897f27\" data-element_type=\"widget\" data-widget_type=\"heading.default\">\n\t\t\t\t\t<h2 class=\"elementor-heading-title elementor-size-default\">Kropp och Identitet<\/h2>\t\t\t\t<\/div>\n\t\t\t\t<div class=\"elementor-element elementor-element-f5053c2 elementor-widget elementor-widget-text-editor\" data-id=\"f5053c2\" data-element_type=\"widget\" data-widget_type=\"text-editor.default\">\n\t\t\t\t\t\t\t\t\t<p>Utforska hur kropp och identitet h\u00f6r samman med sexualitet. Vi ger st\u00f6d och information som hj\u00e4lper dig att f\u00f6rst\u00e5 din egen kropp och identitet p\u00e5 ett positivt och accepterande s\u00e4tt.<\/p>\t\t\t\t\t\t\t\t<\/div>\n\t\t\t\t<\/div>\n\t\t<div class=\"elementor-element elementor-element-b4bf54c e-con-full e-flex e-con e-child\" data-id=\"b4bf54c\" data-element_type=\"container\">\n\t\t\t\t<div class=\"elementor-element elementor-element-d5c085b elementor-widget elementor-widget-heading\" data-id=\"d5c085b\" data-element_type=\"widget\" data-widget_type=\"heading.default\">\n\t\t\t\t\t<h2 class=\"elementor-heading-title elementor-size-default\">S\u00e4ker Praktik<\/h2>\t\t\t\t<\/div>\n\t\t\t\t<div class=\"elementor-element elementor-element-c292002 elementor-widget elementor-widget-text-editor\" data-id=\"c292002\" data-element_type=\"widget\" data-widget_type=\"text-editor.default\">\n\t\t\t\t\t\t\t\t\t<p>Vi erbjuder v\u00e4gledning kring s\u00e4ker sex och prevention. L\u00e4r dig om olika metoder f\u00f6r att skydda dig sj\u00e4lv och din partner. Din s\u00e4kerhet och v\u00e4lbefinnande \u00e4r v\u00e5r h\u00f6gsta prioritet.<\/p>\t\t\t\t\t\t\t\t<\/div>\n\t\t\t\t<\/div>\n\t\t<div class=\"elementor-element elementor-element-4208e28 e-con-full e-flex e-con e-child\" data-id=\"4208e28\" data-element_type=\"container\">\n\t\t\t\t<div class=\"elementor-element elementor-element-939124b elementor-widget elementor-widget-heading\" data-id=\"939124b\" data-element_type=\"widget\" data-widget_type=\"heading.default\">\n\t\t\t\t\t<h2 class=\"elementor-heading-title elementor-size-default\">Fr\u00e5gor och Myter<\/h2>\t\t\t\t<\/div>\n\t\t\t\t<div class=\"elementor-element elementor-element-4d4e93c elementor-widget elementor-widget-text-editor\" data-id=\"4d4e93c\" data-element_type=\"widget\" data-widget_type=\"text-editor.default\">\n\t\t\t\t\t\t\t\t\t<p>Klara upp vanliga missuppfattningar kring sexualitet. Vi svarar p\u00e5 de fr\u00e5gor du kanske har men inte v\u00e5gar st\u00e4lla. V\u00e5r information \u00e4r baserad p\u00e5 forskning och expertis, och \u00e4r fri fr\u00e5n skr\u00e4mselpropaganda.<\/p>\t\t\t\t\t\t\t\t<\/div>\n\t\t\t\t<\/div>\n\t\t<div class=\"elementor-element elementor-element-9029241 e-con-full e-flex e-con e-child\" data-id=\"9029241\" data-element_type=\"container\">\n\t\t\t\t<div class=\"elementor-element elementor-element-f3c3bc4 elementor-widget elementor-widget-heading\" data-id=\"f3c3bc4\" data-element_type=\"widget\" data-widget_type=\"heading.default\">\n\t\t\t\t\t<h2 class=\"elementor-heading-title elementor-size-default\">Resurser och St\u00f6d<\/h2>\t\t\t\t<\/div>\n\t\t\t\t<div class=\"elementor-element elementor-element-dd32381 elementor-widget elementor-widget-text-editor\" data-id=\"dd32381\" data-element_type=\"widget\" data-widget_type=\"text-editor.default\">\n\t\t\t\t\t\t\t\t\t<p>Uppt\u00e4ck v\u00e5ra resurser som erbjuder st\u00f6d och information. Fr\u00e5n hantering av utmaningar till att hitta r\u00e4tt hj\u00e4lp. Vi \u00e4r h\u00e4r f\u00f6r att st\u00f6tta dig, oavsett dina behov.<\/p>\t\t\t\t\t\t\t\t<\/div>\n\t\t\t\t<\/div>\n\t\t\t\t<\/div>\n\t\t\t\t\t<\/div>\n\t\t\t\t<\/div>\n\t\t<div class=\"elementor-element elementor-element-e471800 e-flex e-con-boxed e-con e-parent\" data-id=\"e471800\" data-element_type=\"container\" data-settings=\"{&quot;background_background&quot;:&quot;classic&quot;}\">\n\t\t\t\t\t<div class=\"e-con-inner\">\n\t\t<div class=\"elementor-element elementor-element-1b98cbf e-con-full e-flex e-con e-child\" data-id=\"1b98cbf\" data-element_type=\"container\">\n\t\t\t\t<div class=\"elementor-element elementor-element-5995d74 elementor-widget elementor-widget-heading\" data-id=\"5995d74\" data-element_type=\"widget\" data-widget_type=\"heading.default\">\n\t\t\t\t\t<h2 class=\"elementor-heading-title elementor-size-default\">H\u00e5ll dig uppdaterad med oss<\/h2>\t\t\t\t<\/div>\n\t\t\t\t<div class=\"elementor-element elementor-element-941bcfa elementor-widget elementor-widget-text-editor\" data-id=\"941bcfa\" data-element_type=\"widget\" data-widget_type=\"text-editor.default\">\n\t\t\t\t\t\t\t\t\t<p>Vill du ta del av de senaste nyheterna och insikterna om sexuell h\u00e4lsa? Registrera dig f\u00f6r v\u00e5rt nyhetsbrev och f\u00e5 v\u00e4rdefull information direkt till din inkorg.<\/p>\t\t\t\t\t\t\t\t<\/div>\n\t\t\t\t<div class=\"elementor-element elementor-element-d3b8a67 elementor-mobile-button-align-stretch elementor-button-align-stretch elementor-widget elementor-widget-form\" data-id=\"d3b8a67\" data-element_type=\"widget\" data-settings=\"{&quot;button_width&quot;:&quot;30&quot;,&quot;step_next_label&quot;:&quot;N\\u00e4sta&quot;,&quot;step_previous_label&quot;:&quot;F\\u00f6reg\\u00e5ende&quot;,&quot;button_width_tablet&quot;:&quot;40&quot;,&quot;button_width_mobile&quot;:&quot;100&quot;,&quot;step_type&quot;:&quot;number_text&quot;,&quot;step_icon_shape&quot;:&quot;circle&quot;}\" data-widget_type=\"form.default\">\n\t\t\t\t\t\t\t<form class=\"elementor-form\" method=\"post\" name=\"Registrera dig\" aria-label=\"Registrera dig\">\n\t\t\t<input type=\"hidden\" name=\"post_id\" value=\"19\"\/>\n\t\t\t<input type=\"hidden\" name=\"form_id\" value=\"d3b8a67\"\/>\n\t\t\t<input type=\"hidden\" name=\"referer_title\" value=\"\" \/>\n\n\t\t\t\t\t\t\t<input type=\"hidden\" name=\"queried_id\" value=\"19\"\/>\n\t\t\t\n\t\t\t<div class=\"elementor-form-fields-wrapper elementor-labels-above\">\n\t\t\t\t\t\t\t\t<div class=\"elementor-field-type-epost elementor-field-group elementor-column elementor-field-group-namn elementor-col-70 elementor-md-60\">\n\t\t\t\t\t\t\t\t\t<\/div>\n\t\t\t\t\t\t\t\t<div class=\"elementor-field-group elementor-column elementor-field-type-submit elementor-col-30 e-form__buttons elementor-md-40 elementor-sm-100\">\n\t\t\t\t\t<button class=\"elementor-button elementor-size-sm\" type=\"submit\">\n\t\t\t\t\t\t<span class=\"elementor-button-content-wrapper\">\n\t\t\t\t\t\t\t\t\t\t\t\t\t\t\t\t\t\t\t\t\t\t<span class=\"elementor-button-text\">Anm\u00e4l dig<\/span>\n\t\t\t\t\t\t\t\t\t\t\t\t\t<\/span>\n\t\t\t\t\t<\/button>\n\t\t\t\t<\/div>\n\t\t\t<\/div>\n\t\t<\/form>\n\t\t\t\t\t\t<\/div>\n\t\t\t\t<div class=\"elementor-element elementor-element-98d0ec8 elementor-widget elementor-widget-text-editor\" data-id=\"98d0ec8\" data-element_type=\"widget\" data-widget_type=\"text-editor.default\">\n\t\t\t\t\t\t\t\t\t<p>Genom att anm\u00e4la dig godk\u00e4nner du v\u00e5ra&nbsp;&nbsp;villkor och riktlinjer.<\/p>\t\t\t\t\t\t\t\t<\/div>\n\t\t\t\t<\/div>\n\t\t\t\t\t<\/div>\n\t\t\t\t<\/div>\n\t\t\t\t<\/div>\n\t\t","protected":false},"excerpt":{"rendered":"<p>Din guide till sexualitet Uppt\u00e4ck kunskap och resurser kring sexuell h\u00e4lsa f\u00f6r alla \u00e5ldrar V\u00e4lkommen till v\u00e5r hemsida d\u00e4r vi utforskar sexuell h\u00e4lsa p\u00e5 ett l\u00e4ttf\u00f6rst\u00e5eligt s\u00e4tt. Vi erbjuder faktabaserad information f\u00f6r att \u00f6ka medvetenheten om viktiga \u00e4mnen som ber\u00f6r sexualitet. H\u00e4r kan du l\u00e4ra dig mer om relationer, s\u00e4krare sex och kroppens m\u00e5ngfald. V\u00e5rt [&hellip;]<\/p>\n","protected":false},"author":1,"featured_media":0,"parent":0,"menu_order":0,"comment_status":"closed","ping_status":"closed","template":"","meta":{"footnotes":""},"class_list":["post-19","page","type-page","status-publish","hentry"],"_links":{"self":[{"href":"https:\/\/sexualupplysningen.se\/index.php\/wp-json\/wp\/v2\/pages\/19","targetHints":{"allow":["GET"]}}],"collection":[{"href":"https:\/\/sexualupplysningen.se\/index.php\/wp-json\/wp\/v2\/pages"}],"about":[{"href":"https:\/\/sexualupplysningen.se\/index.php\/wp-json\/wp\/v2\/types\/page"}],"author":[{"embeddable":true,"href":"https:\/\/sexualupplysningen.se\/index.php\/wp-json\/wp\/v2\/users\/1"}],"replies":[{"embeddable":true,"href":"https:\/\/sexualupplysningen.se\/index.php\/wp-json\/wp\/v2\/comments?post=19"}],"version-history":[{"count":7,"href":"https:\/\/sexualupplysningen.se\/index.php\/wp-json\/wp\/v2\/pages\/19\/revisions"}],"predecessor-version":[{"id":53,"href":"https:\/\/sexualupplysningen.se\/index.php\/wp-json\/wp\/v2\/pages\/19\/revisions\/53"}],"wp:attachment":[{"href":"https:\/\/sexualupplysningen.se\/index.php\/wp-json\/wp\/v2\/media?parent=19"}],"curies":[{"name":"wp","href":"https:\/\/api.w.org\/{rel}","templated":true}]}}